{"id":3642,"date":"2018-11-03T03:19:19","date_gmt":"2018-11-03T03:19:19","guid":{"rendered":"http:\/\/barberry.temashdesign.com\/furnituredemo\/?page_id=3642"},"modified":"2026-03-05T02:36:54","modified_gmt":"2026-03-05T02:36:54","slug":"contacto","status":"publish","type":"page","link":"https:\/\/www.cerin.cl\/index.php\/contacto\/","title":{"rendered":"Contacto"},"content":{"rendered":"<p>[vc_row full_width=\u00bbstretch_row\u00bb full_height=\u00bbyes\u00bb columns_placement=\u00bbtop\u00bb content_placement=\u00bbtop\u00bb bg_type=\u00bbbg_color\u00bb bg_color_value=\u00bb#ffffff\u00bb css=\u00bb.vc_custom_1769179528059{padding-top: 30px !important;padding-bottom: 30px !important;}\u00bb][vc_column offset=\u00bbvc_col-lg-8 vc_col-md-7&#8243;][vc_custom_heading text=\u00bbEstamos aqu\u00ed para cuidarte\u00bb font_container=\u00bbtag:h3|font_size:23px|text_align:left|color:%23333333|line_height:28px\u00bb google_fonts=\u00bbfont_family:Open%20Sans%3A300%2C300italic%2Cregular%2Citalic%2C600%2C600italic%2C700%2C700italic%2C800%2C800italic|font_style:700%20bold%20regular%3A700%3Anormal\u00bb][vc_column_text]<\/p>\n<p style=\"text-align: justify;\">\u00bfNecesitas agendar una hora, tienes una duda sobre nuestros convenios o requieres un servicio a domicilio? Elige el m\u00e9todo de contacto que te sea m\u00e1s c\u00f3modo y te responderemos a la brevedad.<\/p>\n<p>[\/vc_column_text][vc_empty_space height=\u00bb40px\u00bb][vc_raw_html el_class=\u00bbform-contact\u00bb css=\u00bb.vc_custom_1611783687780{padding-right: 100px !important;padding-left: 100px !important;}\u00bb]JTVCY29udGFjdC1mb3JtLTclMjBpZCUzRCUyMjQxODUlMjIlMjB0aXRsZSUzRCUyMkZvcm11bGFyaW8lMjBDRVJJTiUyMiU1RA==[\/vc_raw_html][vc_row_inner][vc_column_inner offset=\u00bbvc_hidden-lg vc_hidden-md\u00bb][vc_empty_space height=\u00bb45vh\u00bb][\/vc_column_inner][\/vc_row_inner][\/vc_column][vc_column offset=\u00bbvc_col-lg-4 vc_col-md-5&#8243;][vc_row_inner][vc_column_inner width=\u00bb1\/12&#8243;][\/vc_column_inner][vc_column_inner width=\u00bb5\/6&#8243; offset=\u00bbvc_hidden-sm vc_hidden-xs\u00bb][vc_empty_space height=\u00bb5vw\u00bb][\/vc_column_inner][vc_column_inner width=\u00bb1\/12&#8243;][\/vc_column_inner][\/vc_row_inner][vc_row_inner][vc_column_inner width=\u00bb1\/6&#8243; offset=\u00bbvc_hidden-sm vc_hidden-xs\u00bb][\/vc_column_inner][vc_column_inner width=\u00bb3\/4&#8243; css=\u00bb.vc_custom_1541147549167{padding-left: 5% !important;}\u00bb]<div class=\"aio-icon-component   infobox-ubi style_1\"><div id=\"Info-box-wrap-4124\" class=\"aio-icon-box default-icon\" style=\"\"  ><div class=\"aio-icon-default\"><div class=\"ult-just-icon-wrapper  \"><div class=\"align-icon\" style=\"text-align:center;\">\n<div class=\"aio-icon none \"  style=\"color:#11b3e6;font-size:32px;display:inline-block;\">\n\t<i class=\"icomoon-brankic-32x32-location\"><\/i>\n<\/div><\/div><\/div><\/div><div class=\"aio-icon-header\" ><h3 class=\"aio-icon-title ult-responsive\"  data-ultimate-target='#Info-box-wrap-4124 .aio-icon-title'  data-responsive-json-new='{\"font-size\":\"desktop:23px;\",\"line-height\":\"desktop:26px;\"}'  style=\"color:#11b3e6;\">\u00bfDonde encontrarnos?<\/h3><\/div> <!-- header --><div class=\"aio-icon-description ult-responsive\"  data-ultimate-target='#Info-box-wrap-4124 .aio-icon-description'  data-responsive-json-new='{\"font-size\":\"\",\"line-height\":\"\"}'  style=\"\">Siglo XXI 550, Los \u00c1ngeles<\/div> <!-- description --><\/div> <!-- aio-icon-box --><\/div> <!-- aio-icon-component --><div class=\"aio-icon-component   infobox-ubi style_1\"><div id=\"Info-box-wrap-3689\" class=\"aio-icon-box default-icon\" style=\"\"  ><div class=\"aio-icon-default\"><div class=\"ult-just-icon-wrapper  \"><div class=\"align-icon\" style=\"text-align:center;\">\n<div class=\"aio-icon none \"  style=\"color:#11b3e6;font-size:32px;display:inline-block;\">\n\t<i class=\"icomoon-brankic-32x32-time2\"><\/i>\n<\/div><\/div><\/div><\/div><div class=\"aio-icon-header\" ><h3 class=\"aio-icon-title ult-responsive\"  data-ultimate-target='#Info-box-wrap-3689 .aio-icon-title'  data-responsive-json-new='{\"font-size\":\"desktop:23px;\",\"line-height\":\"desktop:26px;\"}'  style=\"color:#11b3e6;\">Horario de atenci\u00f3n<\/h3><\/div> <!-- header --><div class=\"aio-icon-description ult-responsive\"  data-ultimate-target='#Info-box-wrap-3689 .aio-icon-description'  data-responsive-json-new='{\"font-size\":\"\",\"line-height\":\"\"}'  style=\"\">Lunes a Viernes de<br \/>\n09:00 a 20:00 horas<\/div> <!-- description --><\/div> <!-- aio-icon-box --><\/div> <!-- aio-icon-component --><div class=\"aio-icon-component   infobox-ubi style_1\"><div id=\"Info-box-wrap-5320\" class=\"aio-icon-box default-icon\" style=\"\"  ><div class=\"aio-icon-default\"><div class=\"ult-just-icon-wrapper  \"><div class=\"align-icon\" style=\"text-align:center;\">\n<div class=\"aio-icon none \"  style=\"color:#11b3e6;font-size:32px;display:inline-block;\">\n\t<i class=\"icomoon-brankic-32x32-phone2\"><\/i>\n<\/div><\/div><\/div><\/div><div class=\"aio-icon-header\" ><h3 class=\"aio-icon-title ult-responsive\"  data-ultimate-target='#Info-box-wrap-5320 .aio-icon-title'  data-responsive-json-new='{\"font-size\":\"desktop:23px;\",\"line-height\":\"desktop:26px;\"}'  style=\"color:#11b3e6;\">Tel\u00e9fono de contacto<\/h3><\/div> <!-- header --><div class=\"aio-icon-description ult-responsive\"  data-ultimate-target='#Info-box-wrap-5320 .aio-icon-description'  data-responsive-json-new='{\"font-size\":\"\",\"line-height\":\"\"}'  style=\"\"><a href=\"tel:+5695692383\" target=\"_blank\" rel=\"noopener\">+5695692383<\/a><\/div> <!-- description --><\/div> <!-- aio-icon-box --><\/div> <!-- aio-icon-component --><div class=\"aio-icon-component   infobox-ubi style_1\"><div id=\"Info-box-wrap-3478\" class=\"aio-icon-box default-icon\" style=\"\"  ><div class=\"aio-icon-default\"><div class=\"ult-just-icon-wrapper  \"><div class=\"align-icon\" style=\"text-align:center;\">\n<div class=\"aio-icon none \"  style=\"color:#11b3e6;font-size:32px;display:inline-block;\">\n\t<i class=\"icomoon-brankic-32x32-envelope\"><\/i>\n<\/div><\/div><\/div><\/div><div class=\"aio-icon-header\" ><h3 class=\"aio-icon-title ult-responsive\"  data-ultimate-target='#Info-box-wrap-3478 .aio-icon-title'  data-responsive-json-new='{\"font-size\":\"desktop:26px;\",\"line-height\":\"desktop:26px;\"}'  style=\"color:#11b3e6;\">Correo de electr\u00f3nico<\/h3><\/div> <!-- header --><div class=\"aio-icon-description ult-responsive\"  data-ultimate-target='#Info-box-wrap-3478 .aio-icon-description'  data-responsive-json-new='{\"font-size\":\"\",\"line-height\":\"\"}'  style=\"\"><a href=\"mailto:contacto@cerin.cl\" target=\"_blank\" rel=\"noopener\">contacto@cerin.cl<\/a><\/div> <!-- description --><\/div> <!-- aio-icon-box --><\/div> <!-- aio-icon-component -->[vc_empty_space height=\u00bb15px\u00bb][vc_separator color=\u00bbblack\u00bb align=\u00bbalign_left\u00bb border_width=\u00bb5&#8243; el_width=\u00bb20&#8243;][vc_empty_space height=\u00bb15px\u00bb]\n\n    <style>\n      \n    <\/style>\n\n\n\n    <div class=\"site-social-icons-shortcode social-id-952468000\">\n\n    <ul class=\"social-icons left\">\n\n                    <li class=\"facebook\">\n                <a target=\"_blank\" title=\"Facebook\" href=\"https:\/\/www.facebook.com\/CERIN.LA\">\n                    <svg class=\"svg-icon\" viewBox=\"0 0 24 24\" enable-background=\"new 0 0 24 24\" xml:space=\"preserve\">\n                      <use x=\"0\" y=\"0\" xlink:href=\"#i-facebook\"><\/use>\n                    <\/svg> \n                    <span class=\"s-circle_bg\"><\/span>\n                <\/a>\n            <\/li>\n          \n\n        \n        \n          \n        \n        \n                      \n\n        \n        \n        \n                    <li class=\"instagram\">\n                <a target=\"_blank\" title=\"Instagram\" href=\"https:\/\/www.instagram.com\/cerin.la\/\">\n                      <svg class=\"svg-icon\" viewBox=\"0 0 24 24\" enable-background=\"new 0 0 24 24\" xml:space=\"preserve\">\n                        <use x=\"0\" y=\"0\" xlink:href=\"#i-instagram\"><\/use>\n                      <\/svg> \n                    <span class=\"s-circle_bg\"><\/span>\n                <\/a>\n            <\/li>\n        \n\n        \n        \n        \n        \n        \n        \n        \n        \n        \n        \n        \n                    <li class=\"whatsapp\">\n                <a target=\"_blank\" title=\"WhatsApp\" href=\"https:\/\/api.whatsapp.com\/send?phone=56956923883&#038;text=\">\n                      <svg class=\"svg-icon\" viewBox=\"0 0 24 24\" enable-background=\"new 0 0 24 24\" xml:space=\"preserve\">\n                        <use x=\"0\" y=\"0\" xlink:href=\"#i-whatsapp\"><\/use>\n                      <\/svg> \n                    <span class=\"s-circle_bg\"><\/span>\n                <\/a>\n            <\/li>\n        \n        \n                \n         \n    <\/ul>\n    <\/div>\n    \n    [\/vc_column_inner][vc_column_inner width=\u00bb1\/12&#8243;][\/vc_column_inner][\/vc_row_inner][\/vc_column][\/vc_row]<\/p>\n","protected":false},"excerpt":{"rendered":"<p>[vc_row full_width=\u00bbstretch_row\u00bb full_height=\u00bbyes\u00bb columns_placement=\u00bbtop\u00bb content_placement=\u00bbtop\u00bb bg_type=\u00bbbg_color\u00bb bg_color_value=\u00bb#ffffff\u00bb css=\u00bb.vc_custom_1769179528059{padding-top: 30px !important;padding-bottom: 30px !important;}\u00bb][vc_column offset=\u00bbvc_col-lg-8 vc_col-md-7&#8243;][vc_custom_heading text=\u00bbEstamos aqu\u00ed para cuidarte\u00bb font_container=\u00bbtag:h3|font_size:23px|text_align:left|color:%23333333|line_height:28px\u00bb google_fonts=\u00bbfont_family:Open%20Sans%3A300%2C300italic%2Cregular%2Citalic%2C600%2C600italic%2C700%2C700italic%2C800%2C800italic|font_style:700%20bold%20regular%3A700%3Anormal\u00bb][vc_column_text]\u2026<\/p>\n","protected":false},"author":1,"featured_media":0,"parent":0,"menu_order":0,"comment_status":"closed","ping_status":"closed","template":"","meta":{"footnotes":""},"class_list":["post-3642","page","type-page","status-publish","hentry"],"_links":{"self":[{"href":"https:\/\/www.cerin.cl\/index.php\/wp-json\/wp\/v2\/pages\/3642","targetHints":{"allow":["GET"]}}],"collection":[{"href":"https:\/\/www.cerin.cl\/index.php\/wp-json\/wp\/v2\/pages"}],"about":[{"href":"https:\/\/www.cerin.cl\/index.php\/wp-json\/wp\/v2\/types\/page"}],"author":[{"embeddable":true,"href":"https:\/\/www.cerin.cl\/index.php\/wp-json\/wp\/v2\/users\/1"}],"replies":[{"embeddable":true,"href":"https:\/\/www.cerin.cl\/index.php\/wp-json\/wp\/v2\/comments?post=3642"}],"version-history":[{"count":31,"href":"https:\/\/www.cerin.cl\/index.php\/wp-json\/wp\/v2\/pages\/3642\/revisions"}],"predecessor-version":[{"id":5533,"href":"https:\/\/www.cerin.cl\/index.php\/wp-json\/wp\/v2\/pages\/3642\/revisions\/5533"}],"wp:attachment":[{"href":"https:\/\/www.cerin.cl\/index.php\/wp-json\/wp\/v2\/media?parent=3642"}],"curies":[{"name":"wp","href":"https:\/\/api.w.org\/{rel}","templated":true}]}}