{"id":3996,"date":"2021-01-09T19:32:51","date_gmt":"2021-01-09T19:32:51","guid":{"rendered":"https:\/\/www.cerin.cl\/?page_id=3996"},"modified":"2026-02-13T18:31:48","modified_gmt":"2026-02-13T18:31:48","slug":"profesionales","status":"publish","type":"page","link":"https:\/\/www.cerin.cl\/index.php\/profesionales\/","title":{"rendered":"Profesionales"},"content":{"rendered":"<p>[vc_row full_width=\u00bbstretch_row\u00bb bg_type=\u00bbbg_color\u00bb bg_color_value=\u00bb#ffffff\u00bb el_id=\u00bbrow-padding\u00bb el_class=\u00bbrow-padding\u00bb][vc_column width=\u00bb2\/3&#8243; offset=\u00bbvc_col-xs-12&#8243;][vc_custom_heading text=\u00bbCONOCE A LOS ROSTROS DE CERIN\u00bb font_container=\u00bbtag:h4|font_size:26px|text_align:left|color:%2311b3e6|line_height:26px\u00bb use_theme_fonts=\u00bbyes\u00bb][vc_custom_heading text=\u00bbDescubre el compromiso y la pasi\u00f3n que nos distingue como el centro de confianza en Los \u00c1ngeles.\u00bb font_container=\u00bbtag:h3|font_size:23px|text_align:left|color:%23333333|line_height:28px\u00bb google_fonts=\u00bbfont_family:Open%20Sans%3A300%2C300italic%2Cregular%2Citalic%2C600%2C600italic%2C700%2C700italic%2C800%2C800italic|font_style:700%20bold%20regular%3A700%3Anormal\u00bb][vc_column_text]En CERIN, tu salud est\u00e1 respaldada por un equipo de profesionales altamente capacitados y coordinados. Cada miembro, desde nuestros m\u00e9dicos especialistas hasta nuestros terapeutas, comparte una visi\u00f3n: brindarte una atenci\u00f3n experta, humana y personalizada <strong>en un solo lugar<\/strong>. Nuestro personal no solo aporta experiencia y dedicaci\u00f3n; trabaja bajo un <strong>modelo de atenci\u00f3n integral<\/strong>, lo que significa que tu caso complejo tiene una respuesta experta y un plan de tratamiento completo.[\/vc_column_text][\/vc_column][vc_column width=\u00bb1\/3&#8243;][vc_single_image image=\u00bb5270&#8243; img_size=\u00bbfull\u00bb][\/vc_column][\/vc_row][vc_row full_width=\u00bbstretch_row\u00bb bg_type=\u00bbbg_color\u00bb el_class=\u00bbrow-padding\u00bb bg_color_value=\u00bb#f6f8fb\u00bb][vc_column][vc_tta_tabs style=\u00bbmodern\u00bb active_section=\u00bb1&#8243; el_id=\u00bbpro-tabs\u00bb el_class=\u00bbpro-tabs\u00bb][vc_tta_section title=\u00bbEspecialidades m\u00e9dicas\u00bb tab_id=\u00bbpro-medint\u00bb][vc_raw_html]JTVCdG1tJTIwbmFtZSUzRCUyMm1lZGljaW5hLWludGVybmEtMiUyMiU1RA==[\/vc_raw_html][\/vc_tta_section][vc_tta_section title=\u00bbRehabilitaci\u00f3n integral\u00bb tab_id=\u00bbteam-kine\u00bb][vc_raw_html]JTVCdG1tJTIwbmFtZSUzRCUyMmtpbmVzaW9sb2dpYSUyMiU1RA==[\/vc_raw_html][\/vc_tta_section][vc_tta_section title=\u00bbBienestar y cuidado\u00bb tab_id=\u00bbpro-medge\u00bb][vc_raw_html]JTVCdG1tJTIwbmFtZSUzRCUyMmJpZW5lc3RhciUyMiU1RA==[\/vc_raw_html][\/vc_tta_section][vc_tta_section title=\u00bbApoyo cl\u00ednico y servicios\u00bb tab_id=\u00bbapo-cliser\u00bb el_class=\u00bbapocliser\u00bb][vc_raw_html]JTVCdG1tJTIwbmFtZSUzRCUyMmFwb3lvLWNsaW5pY28teS1zZXJ2aWNpb3MlMjIlNUQ=[\/vc_raw_html][\/vc_tta_section][\/vc_tta_tabs][\/vc_column][\/vc_row]<\/p>\n","protected":false},"excerpt":{"rendered":"<p>[vc_row full_width=\u00bbstretch_row\u00bb bg_type=\u00bbbg_color\u00bb bg_color_value=\u00bb#ffffff\u00bb el_id=\u00bbrow-padding\u00bb el_class=\u00bbrow-padding\u00bb][vc_column width=\u00bb2\/3&#8243; offset=\u00bbvc_col-xs-12&#8243;][vc_custom_heading text=\u00bbCONOCE A LOS ROSTROS DE CERIN\u00bb font_container=\u00bbtag:h4|font_size:26px|text_align:left|color:%2311b3e6|line_height:26px\u00bb use_theme_fonts=\u00bbyes\u00bb][vc_custom_heading text=\u00bbDescubre el compromiso y\u2026<\/p>\n","protected":false},"author":1,"featured_media":0,"parent":0,"menu_order":0,"comment_status":"closed","ping_status":"closed","template":"","meta":{"footnotes":""},"class_list":["post-3996","page","type-page","status-publish","hentry"],"_links":{"self":[{"href":"https:\/\/www.cerin.cl\/index.php\/wp-json\/wp\/v2\/pages\/3996","targetHints":{"allow":["GET"]}}],"collection":[{"href":"https:\/\/www.cerin.cl\/index.php\/wp-json\/wp\/v2\/pages"}],"about":[{"href":"https:\/\/www.cerin.cl\/index.php\/wp-json\/wp\/v2\/types\/page"}],"author":[{"embeddable":true,"href":"https:\/\/www.cerin.cl\/index.php\/wp-json\/wp\/v2\/users\/1"}],"replies":[{"embeddable":true,"href":"https:\/\/www.cerin.cl\/index.php\/wp-json\/wp\/v2\/comments?post=3996"}],"version-history":[{"count":84,"href":"https:\/\/www.cerin.cl\/index.php\/wp-json\/wp\/v2\/pages\/3996\/revisions"}],"predecessor-version":[{"id":5512,"href":"https:\/\/www.cerin.cl\/index.php\/wp-json\/wp\/v2\/pages\/3996\/revisions\/5512"}],"wp:attachment":[{"href":"https:\/\/www.cerin.cl\/index.php\/wp-json\/wp\/v2\/media?parent=3996"}],"curies":[{"name":"wp","href":"https:\/\/api.w.org\/{rel}","templated":true}]}}