{"id":4072,"date":"2021-01-25T19:32:35","date_gmt":"2021-01-25T19:32:35","guid":{"rendered":"https:\/\/www.cerin.cl\/?page_id=4072"},"modified":"2026-03-05T02:33:05","modified_gmt":"2026-03-05T02:33:05","slug":"ubicacion","status":"publish","type":"page","link":"https:\/\/www.cerin.cl\/index.php\/ubicacion\/","title":{"rendered":"Ubicaci\u00f3n"},"content":{"rendered":"<p>[vc_row full_width=\u00bbstretch_row\u00bb bg_type=\u00bbbg_color\u00bb bg_color_value=\u00bb#ffffff\u00bb el_class=\u00bbrow-padding\u00bb][vc_column width=\u00bb2\/3&#8243; offset=\u00bbvc_col-xs-12&#8243;][vc_custom_heading text=\u00bbEXCLUSIVO ESPACIO PARA TU BIENESTAR INTEGRAL\u00bb font_container=\u00bbtag:h4|font_size:26px|text_align:left|color:%2311b3e6|line_height:26px\u00bb use_theme_fonts=\u00bbyes\u00bb el_class=\u00bbl-spacing-title\u00bb][vc_column_text]<\/p>\n<p style=\"text-align: justify;\">En CERIN hemos dise\u00f1ado un espacio moderno, c\u00f3modo y sereno, pensado para tu bienestar integral. Nuestra ubicaci\u00f3n permite un acceso simple y seguro, con un entorno preparado para acompa\u00f1arte desde el primer momento.<\/p>\n<p style=\"text-align: justify;\">Te invitamos a visitarnos, conocer nuestras instalaciones y vivir una atenci\u00f3n cercana, profesional y enfocada en tu recuperaci\u00f3n y calidad de vida.<\/p>\n<p>[\/vc_column_text]<div class=\" ubtn-ctn-left \"><a class=\"ubtn-link ult-adjust-bottom-margin ubtn-left ubtn-custom \" href=\"https:\/\/cerin.site.agendapro.com\/cl\/sucursal\/74130\" target=\"_blank\" rel=\"noopener\" ><button type=\"button\" id=\"ubtn-7319\"  class=\"ubtn ult-adjust-bottom-margin ult-responsive ubtn-custom ubtn-fade-bg  none  ubtn-left   tooltip-69d29b5bf2bcb\"  data-hover=\"\" data-border-color=\"\" data-bg=\"#11b3e6\" data-hover-bg=\"#167f99\" data-border-hover=\"\" data-shadow-hover=\"\" data-shadow-click=\"none\" data-shadow=\"\" data-shd-shadow=\"\"  data-ultimate-target='#ubtn-7319'  data-responsive-json-new='{\"font-size\":\"desktop:16px;\",\"line-height\":\"desktop:16px;\"}'  style=\"font-family:&#039;Montserrat&#039;;font-weight:bold;width:250px;min-height:44px;padding:10px 15px;border-radius:20px;border-width:1px;border-color:;border-style:solid;background: #11b3e6;color: #ffffff;\"><span class=\"ubtn-data ubtn-icon\"><i class=\"none\" style=\"font-size:32px;color:;\"><\/i><\/span><span class=\"ubtn-hover\" style=\"background-color:#167f99\"><\/span><span class=\"ubtn-data ubtn-text \" >Agenda online<\/span><\/button><\/a><\/div>[\/vc_column][vc_column width=\u00bb1\/3&#8243;][vc_single_image image=\u00bb5416&#8243; img_size=\u00bbfull\u00bb alignment=\u00bbcenter\u00bb][\/vc_column][\/vc_row][vc_row full_width=\u00bbstretch_row\u00bb content_placement=\u00bbmiddle\u00bb bg_type=\u00bbbg_color\u00bb el_class=\u00bbrow-padding\u00bb bg_color_value=\u00bb#f6f8fb\u00bb el_id=\u00bbubi-mapa\u00bb][vc_column offset=\u00bbvc_col-lg-6 vc_col-md-8 vc_col-xs-12&#8243;]<div class=\"aio-icon-component   infobox-ubi style_1\"><div id=\"Info-box-wrap-9523\" class=\"aio-icon-box default-icon\" style=\"\"  ><div class=\"aio-icon-default\"><div class=\"ult-just-icon-wrapper  \"><div class=\"align-icon\" style=\"text-align:center;\">\n<div class=\"aio-icon none \"  style=\"color:#11b3e6;font-size:32px;display:inline-block;\">\n\t<i class=\"icomoon-brankic-32x32-location\"><\/i>\n<\/div><\/div><\/div><\/div><div class=\"aio-icon-header\" ><h3 class=\"aio-icon-title ult-responsive\"  data-ultimate-target='#Info-box-wrap-9523 .aio-icon-title'  data-responsive-json-new='{\"font-size\":\"desktop:26px;\",\"line-height\":\"desktop:26px;\"}'  style=\"color:#11b3e6;\">\u00bfDonde encontrarnos?<\/h3><\/div> <!-- header --><div class=\"aio-icon-description ult-responsive\"  data-ultimate-target='#Info-box-wrap-9523 .aio-icon-description'  data-responsive-json-new='{\"font-size\":\"\",\"line-height\":\"\"}'  style=\"\">Siglo XXI 550, Los \u00c1ngeles<\/div> <!-- description --><\/div> <!-- aio-icon-box --><\/div> <!-- aio-icon-component --><div class=\"aio-icon-component   infobox-ubi style_1\"><div id=\"Info-box-wrap-5089\" class=\"aio-icon-box default-icon\" style=\"\"  ><div class=\"aio-icon-default\"><div class=\"ult-just-icon-wrapper  \"><div class=\"align-icon\" style=\"text-align:center;\">\n<div class=\"aio-icon none \"  style=\"color:#11b3e6;font-size:32px;display:inline-block;\">\n\t<i class=\"icomoon-brankic-32x32-time2\"><\/i>\n<\/div><\/div><\/div><\/div><div class=\"aio-icon-header\" ><h3 class=\"aio-icon-title ult-responsive\"  data-ultimate-target='#Info-box-wrap-5089 .aio-icon-title'  data-responsive-json-new='{\"font-size\":\"desktop:26px;\",\"line-height\":\"desktop:26px;\"}'  style=\"color:#11b3e6;\">Horario de atenci\u00f3n:<\/h3><\/div> <!-- header --><div class=\"aio-icon-description ult-responsive\"  data-ultimate-target='#Info-box-wrap-5089 .aio-icon-description'  data-responsive-json-new='{\"font-size\":\"\",\"line-height\":\"\"}'  style=\"\">Lunes a Viernes de<br \/>\n09:00 a 20:00 horas<\/div> <!-- description --><\/div> <!-- aio-icon-box --><\/div> <!-- aio-icon-component --><div class=\"aio-icon-component   infobox-ubi style_1\"><div id=\"Info-box-wrap-3365\" class=\"aio-icon-box default-icon\" style=\"\"  ><div class=\"aio-icon-default\"><div class=\"ult-just-icon-wrapper  \"><div class=\"align-icon\" style=\"text-align:center;\">\n<div class=\"aio-icon none \"  style=\"color:#11b3e6;font-size:32px;display:inline-block;\">\n\t<i class=\"icomoon-brankic-32x32-phone2\"><\/i>\n<\/div><\/div><\/div><\/div><div class=\"aio-icon-header\" ><h3 class=\"aio-icon-title ult-responsive\"  data-ultimate-target='#Info-box-wrap-3365 .aio-icon-title'  data-responsive-json-new='{\"font-size\":\"desktop:26px;\",\"line-height\":\"desktop:26px;\"}'  style=\"color:#11b3e6;\">Tel\u00e9fono de contacto:<\/h3><\/div> <!-- header --><div class=\"aio-icon-description ult-responsive\"  data-ultimate-target='#Info-box-wrap-3365 .aio-icon-description'  data-responsive-json-new='{\"font-size\":\"\",\"line-height\":\"\"}'  style=\"\"><a href=\"tel:+5695692383\" target=\"_blank\" rel=\"noopener\">+5695692383<\/a><\/div> <!-- description --><\/div> <!-- aio-icon-box --><\/div> <!-- aio-icon-component --><div class=\"aio-icon-component   infobox-ubi style_1\"><div id=\"Info-box-wrap-5696\" class=\"aio-icon-box default-icon\" style=\"\"  ><div class=\"aio-icon-default\"><div class=\"ult-just-icon-wrapper  \"><div class=\"align-icon\" style=\"text-align:center;\">\n<div class=\"aio-icon none \"  style=\"color:#11b3e6;font-size:32px;display:inline-block;\">\n\t<i class=\"icomoon-brankic-32x32-time2\"><\/i>\n<\/div><\/div><\/div><\/div><div class=\"aio-icon-header\" ><h3 class=\"aio-icon-title ult-responsive\"  data-ultimate-target='#Info-box-wrap-5696 .aio-icon-title'  data-responsive-json-new='{\"font-size\":\"desktop:26px;\",\"line-height\":\"desktop:26px;\"}'  style=\"color:#11b3e6;\">Correo electr\u00f3nico:<\/h3><\/div> <!-- header --><div class=\"aio-icon-description ult-responsive\"  data-ultimate-target='#Info-box-wrap-5696 .aio-icon-description'  data-responsive-json-new='{\"font-size\":\"\",\"line-height\":\"\"}'  style=\"\"><a href=\"mailto:contacto@cerin.cl\" target=\"_blank\" rel=\"noopener\">contacto@cerin.cl<\/a><\/div> <!-- description --><\/div> <!-- aio-icon-box --><\/div> <!-- aio-icon-component -->[\/vc_column][vc_column offset=\u00bbvc_col-lg-6 vc_col-md-4 vc_col-xs-12&#8243;][vc_gmaps link=\u00bb#E-8_JTNDaWZyYW1lJTIwc3JjJTNEJTIyaHR0cHMlM0ElMkYlMkZ3d3cuZ29vZ2xlLmNvbSUyRm1hcHMlMkZlbWJlZCUzRnBiJTNEJTIxMW0xNCUyMTFtOCUyMTFtMyUyMTFkMzE2Ni4zODczODM1MzgyNDUlMjEyZC03Mi4zNDAyNjQ2JTIxM2QtMzcuNDc1MTgzOSUyMTNtMiUyMTFpMTAyNCUyMTJpNzY4JTIxNGYxMy4xJTIxM20zJTIxMW0yJTIxMXMweDk2NmJkZDQxZjBjNWVmMzMlMjUzQTB4MjQ5MTM2NTk3MmQ0YWEyNSUyMTJzQ0VSSU4lMjUyMC0lMjUyMENlbnRybyUyNTIwZGUlMjUyMFNhbHVkJTI1MjB5JTI1MjBCaWVuZXN0YXIlMjUyMEludGVncmFsJTIxNWUwJTIxM20yJTIxMXNlcy00MTklMjEyc2NsJTIxNHYxNzYwMTEwNzk4ODA0JTIxNW0yJTIxMXNlcy00MTklMjEyc2NsJTIyJTIwd2lkdGglM0QlMjI2MDAlMjIlMjBoZWlnaHQlM0QlMjI0NTAlMjIlMjBzdHlsZSUzRCUyMmJvcmRlciUzQTAlM0IlMjIlMjBhbGxvd2Z1bGxzY3JlZW4lM0QlMjIlMjIlMjBsb2FkaW5nJTNEJTIybGF6eSUyMiUyMHJlZmVycmVycG9saWN5JTNEJTIybm8tcmVmZXJyZXItd2hlbi1kb3duZ3JhZGUlMjIlM0UlM0MlMkZpZnJhbWUlM0U=\u00bb][\/vc_column][\/vc_row][vc_row full_width=\u00bbstretch_row\u00bb bg_type=\u00bbbg_color\u00bb bg_color_value=\u00bb#ffffff\u00bb el_class=\u00bbrow-padding\u00bb][vc_column width=\u00bb1\/6&#8243;][\/vc_column][vc_column width=\u00bb2\/3&#8243;]<div id=\"ultimate-heading-54469d29b5bf2f32\" class=\"uvc-heading ult-adjust-bottom-margin ultimate-heading-54469d29b5bf2f32 uvc-132 \" data-hspacer=\"no_spacer\"  data-halign=\"center\" style=\"text-align:center\"><div class=\"uvc-heading-spacer no_spacer\" style=\"top\"><\/div><div class=\"uvc-main-heading ult-responsive\"  data-ultimate-target='.uvc-heading.ultimate-heading-54469d29b5bf2f32 h2'  data-responsive-json-new='{\"font-size\":\"desktop:26px;\",\"line-height\":\"desktop:26px;\"}' ><h2 style=\"font-weight:bold;color:#414141;\">Tu camino hacia el bienestar integral comienza en CERIN<\/h2><\/div><\/div>[vc_empty_space]<div id=\"ultimate-video-405869d29b5bf2f5c\" class=\"ult-video  ult-adjust-bottom-margin ultimate-video-405869d29b5bf2f5c ultv-9192 \"><div class=\"ultv-video ultv-aspect-ratio-16_9 ultv-subscribe-responsive-none\" data-videotype=\"vimeo_video\">\n\t\t\t\t\t\t<div class=\"ultv-video__outer-wrap\" data-autoplay=\"0\" data-device=\"false\"  data-iconbg=\"#3A3A3A\" data-overcolor=\"\" data-defaultbg=\"#11b3e6\" data-defaultplay=\"defaulticon\"><div class=\"ultv-vimeo-wrap\"><div class=\"ultv-vimeo-portrait\">\n\t\t\t\t\t<a href=\"https:\/\/vimeo.com\/user247175248\"><img decoding=\"async\" src=\"https:\/\/i.vimeocdn.com\/portrait\/defaults-blue_300x300?region=us\"><\/a><\/div><div class=\"ultv-vimeo-headers\"><div class=\"ultv-vimeo-title\">\n\t\t\t\t\t\t\t<a href=\"https:\/\/vimeo.com\/1125569206\">CERIN<\/a>\n\t\t\t\t\t\t<\/div><div class=\"ultv-vimeo-byline\">\n\t\t\t\t\t\tfrom <a href=\"https:\/\/vimeo.com\/1125569206\"> CERIN<\/a>\n\t\t\t\t\t<\/div><\/div><\/div><div class=\"ultv-video__play\" data-src=\"https:\/\/player.vimeo.com\/video\/1125569206?loop=0&amp;title=1&amp;portrait=1&amp;byline=1&amp;color&amp;autopause=0&amp;autoplay=1\">\n\t\t\t\t\t\t\t\t<img decoding=\"async\" class=\"ultv-video__thumb\" src=\"https:\/\/i.vimeocdn.com\/video\/2067749570-ed1065dc59c5dffbe47843e312f8d73e9066ef584c5c5f2e58f531e10591e1e5-d_840?region=us\"\/>\n\t\t\t\t\t\t\t\t<div class=\"ultv-video__play-icon  ultv-animation-none\" style=\"width:75px\"><svg version=\"1.1\" height=\"100%\" width=\"100%\"  viewBox=\"0 14.375 95 66.25\"><path class=\"ultv-vimeo-icon-bg\" d=\"M12.5,14.375c-6.903,0-12.5,5.597-12.5,12.5v41.25c0,6.902,5.597,12.5,12.5,12.5h70c6.903,0,12.5-5.598,12.5-12.5v-41.25c0-6.903-5.597-12.5-12.5-12.5H12.5z\"\/><polygon fill=\"#FFFFFF\" points=\"39.992,64.299 39.992,30.701 62.075,47.5 \"\/><\/svg><\/div> <\/div> <\/div><\/div><\/div>[\/vc_column][vc_column width=\u00bb1\/6&#8243;][\/vc_column][\/vc_row]<\/p>\n","protected":false},"excerpt":{"rendered":"<p>[vc_row full_width=\u00bbstretch_row\u00bb bg_type=\u00bbbg_color\u00bb bg_color_value=\u00bb#ffffff\u00bb el_class=\u00bbrow-padding\u00bb][vc_column width=\u00bb2\/3&#8243; offset=\u00bbvc_col-xs-12&#8243;][vc_custom_heading text=\u00bbEXCLUSIVO ESPACIO PARA TU BIENESTAR INTEGRAL\u00bb font_container=\u00bbtag:h4|font_size:26px|text_align:left|color:%2311b3e6|line_height:26px\u00bb use_theme_fonts=\u00bbyes\u00bb el_class=\u00bbl-spacing-title\u00bb][vc_column_text] En CERIN hemos dise\u00f1ado\u2026<\/p>\n","protected":false},"author":1,"featured_media":0,"parent":0,"menu_order":0,"comment_status":"closed","ping_status":"closed","template":"","meta":{"footnotes":""},"class_list":["post-4072","page","type-page","status-publish","hentry"],"_links":{"self":[{"href":"https:\/\/www.cerin.cl\/index.php\/wp-json\/wp\/v2\/pages\/4072","targetHints":{"allow":["GET"]}}],"collection":[{"href":"https:\/\/www.cerin.cl\/index.php\/wp-json\/wp\/v2\/pages"}],"about":[{"href":"https:\/\/www.cerin.cl\/index.php\/wp-json\/wp\/v2\/types\/page"}],"author":[{"embeddable":true,"href":"https:\/\/www.cerin.cl\/index.php\/wp-json\/wp\/v2\/users\/1"}],"replies":[{"embeddable":true,"href":"https:\/\/www.cerin.cl\/index.php\/wp-json\/wp\/v2\/comments?post=4072"}],"version-history":[{"count":48,"href":"https:\/\/www.cerin.cl\/index.php\/wp-json\/wp\/v2\/pages\/4072\/revisions"}],"predecessor-version":[{"id":5532,"href":"https:\/\/www.cerin.cl\/index.php\/wp-json\/wp\/v2\/pages\/4072\/revisions\/5532"}],"wp:attachment":[{"href":"https:\/\/www.cerin.cl\/index.php\/wp-json\/wp\/v2\/media?parent=4072"}],"curies":[{"name":"wp","href":"https:\/\/api.w.org\/{rel}","templated":true}]}}