{"id":4283,"date":"2021-03-24T20:41:52","date_gmt":"2021-03-24T20:41:52","guid":{"rendered":"https:\/\/www.cerin.cl\/?page_id=4283"},"modified":"2026-02-13T17:53:14","modified_gmt":"2026-02-13T17:53:14","slug":"convenios","status":"publish","type":"page","link":"https:\/\/www.cerin.cl\/index.php\/convenios\/","title":{"rendered":"Convenios"},"content":{"rendered":"<p>[vc_row][vc_column][\/vc_column][\/vc_row][vc_row full_width=\u00bbstretch_row_content_no_spaces\u00bb full_height=\u00bbyes\u00bb columns_placement=\u00bbtop\u00bb content_placement=\u00bbmiddle\u00bb bg_type=\u00bbbg_color\u00bb bg_color_value=\u00bb#ffffff\u00bb][vc_column offset=\u00bbvc_col-lg-6 vc_col-md-8 vc_col-xs-12&#8243;][vc_row_inner el_class=\u00bbbox-txt-conemp\u00bb][vc_column_inner width=\u00bb1\/6&#8243;][\/vc_column_inner][vc_column_inner width=\u00bb2\/3&#8243;][vc_empty_space][vc_custom_heading text=\u00bbCONVENIOS\u00bb font_container=\u00bbtag:h4|font_size:23px|text_align:left|color:%2311b3e6|line_height:20px\u00bb use_theme_fonts=\u00bbyes\u00bb el_class=\u00bbl-spacing-title\u00bb][vc_custom_heading text=\u00bbAccede a la Mejor Atenci\u00f3n con tu Cobertura<br \/>\nEn CERIN, trabajamos constantemente para que la salud especializada sea accesible para ti y tu familia.<br \/>\nTu tranquilidad es nuestra prioridad. Consulta si tu cobertura est\u00e1 entre nuestros convenios y comienza tu tratamiento hoy.\u00bb font_container=\u00bbtag:p|font_size:20px|text_align:justify|color:%23333333|line_height:30px\u00bb use_theme_fonts=\u00bbyes\u00bb][\/vc_column_inner][vc_column_inner width=\u00bb1\/6&#8243;][\/vc_column_inner][\/vc_row_inner][\/vc_column][vc_column css=\u00bb.vc_custom_1617635673765{background-image: url(https:\/\/www.cerin.cl\/wp-content\/uploads\/2021\/03\/cerin-img-convenios.jpg?id=4315) !important;background-position: center !important;background-repeat: no-repeat !important;background-size: cover !important;}\u00bb offset=\u00bbvc_col-lg-6 vc_col-md-4 vc_col-xs-12&#8243;][vc_row_inner][vc_column_inner offset=\u00bbvc_hidden-sm vc_hidden-xs\u00bb][vc_empty_space height=\u00bb80vh\u00bb][\/vc_column_inner][\/vc_row_inner][vc_row_inner][vc_column_inner offset=\u00bbvc_hidden-lg vc_hidden-md\u00bb][vc_empty_space height=\u00bb60vh\u00bb][\/vc_column_inner][\/vc_row_inner][\/vc_column][\/vc_row][vc_row full_width=\u00bbstretch_row\u00bb content_placement=\u00bbmiddle\u00bb bg_type=\u00bbbg_color\u00bb css=\u00bb.vc_custom_1769180735043{padding-top: 10px !important;padding-bottom: 10px !important;background-color: #ffffff !important;}\u00bb bg_color_value=\u00bb#f6f8fb\u00bb][vc_column css_animation=\u00bbnone\u00bb width=\u00bb1\/3&#8243; offset=\u00bbvc_col-xs-12&#8243;][vc_custom_heading text=\u00bbIsapres y Aseguradoras\u00bb font_container=\u00bbtag:h4|font_size:23px|text_align:left|color:%2311b3e6|line_height:28px\u00bb google_fonts=\u00bbfont_family:Open%20Sans%3A300%2C300italic%2Cregular%2Citalic%2C600%2C600italic%2C700%2C700italic%2C800%2C800italic|font_style:700%20bold%20regular%3A700%3Anormal\u00bb el_class=\u00bbl-spacing-title\u00bb][vc_column_text]<\/p>\n<p style=\"text-align: justify;\"><strong>Cobertura y Reembolso:<\/strong> Trabajamos con las principales Isapres para que puedas acceder a reembolsos o beneficios directos.<\/p>\n<p>[\/vc_column_text][vc_empty_space height=\u00bb20px\u00bb][\/vc_column][vc_column width=\u00bb2\/3&#8243; offset=\u00bbvc_col-xs-12&#8243; css=\u00bb.vc_custom_1769193575040{padding-top: 0px !important;padding-bottom: 0px !important;}\u00bb][vc_row_inner css=\u00bb.vc_custom_1541316594302{padding-top: 6vw !important;padding-bottom: 4vw !important;padding-left: 5vw !important;}\u00bb][vc_column_inner width=\u00bb1\/3&#8243; offset=\u00bbvc_col-lg-4 vc_col-md-6 vc_col-xs-12&#8243; css=\u00bb.vc_custom_1617635704330{margin-bottom: 2vw !important;}\u00bb][vc_single_image image=\u00bb5265&#8243; img_size=\u00bbfull\u00bb alignment=\u00bbcenter\u00bb][\/vc_column_inner][vc_column_inner width=\u00bb1\/3&#8243; offset=\u00bbvc_col-lg-4 vc_col-md-6 vc_col-xs-12&#8243; css=\u00bb.vc_custom_1617635711265{margin-bottom: 2vw !important;}\u00bb][vc_single_image image=\u00bb5258&#8243; img_size=\u00bbfull\u00bb alignment=\u00bbcenter\u00bb][\/vc_column_inner][vc_column_inner width=\u00bb1\/3&#8243; offset=\u00bbvc_col-lg-4 vc_col-md-6 vc_col-xs-12&#8243; css=\u00bb.vc_custom_1617635716461{margin-bottom: 2vw !important;}\u00bb][vc_single_image image=\u00bb5260&#8243; img_size=\u00bbfull\u00bb alignment=\u00bbcenter\u00bb][\/vc_column_inner][vc_column_inner width=\u00bb1\/3&#8243;][vc_single_image image=\u00bb5262&#8243; img_size=\u00bbfull\u00bb alignment=\u00bbcenter\u00bb][\/vc_column_inner][vc_column_inner width=\u00bb1\/3&#8243;][vc_single_image image=\u00bb5261&#8243; img_size=\u00bbfull\u00bb alignment=\u00bbcenter\u00bb][\/vc_column_inner][vc_column_inner width=\u00bb1\/3&#8243;][\/vc_column_inner][\/vc_row_inner][\/vc_column][\/vc_row][vc_row full_width=\u00bbstretch_row\u00bb content_placement=\u00bbmiddle\u00bb bg_type=\u00bbbg_color\u00bb css=\u00bb.vc_custom_1769180743518{padding-top: 10px !important;padding-bottom: 10px !important;background-color: #ffffff !important;}\u00bb bg_color_value=\u00bb#f5f5f5&#8243;][vc_column css_animation=\u00bbnone\u00bb width=\u00bb1\/3&#8243; offset=\u00bbvc_col-xs-12&#8243;][vc_custom_heading text=\u00bbConvenios con mutuales y FF.AA. (Atenci\u00f3n Espec\u00edfica)\u00bb font_container=\u00bbtag:h3|font_size:23px|text_align:left|color:%2311b3e6|line_height:28px\u00bb google_fonts=\u00bbfont_family:Open%20Sans%3A300%2C300italic%2Cregular%2Citalic%2C600%2C600italic%2C700%2C700italic%2C800%2C800italic|font_style:700%20bold%20regular%3A700%3Anormal\u00bb el_class=\u00bbl-spacing-title\u00bb][vc_column_text]<\/p>\n<p style=\"text-align: justify;\"><strong>Atenci\u00f3n Laboral y Seguridad:<\/strong> Convenios especiales para atenci\u00f3n de accidentes de trabajo, enfermedades profesionales y atenciones m\u00e9dicas dirigidas.<\/p>\n<p>[\/vc_column_text][vc_empty_space height=\u00bb20px\u00bb][\/vc_column][vc_column width=\u00bb2\/3&#8243; offset=\u00bbvc_col-xs-12&#8243;][vc_row_inner css=\u00bb.vc_custom_1541316594302{padding-top: 6vw !important;padding-bottom: 4vw !important;padding-left: 5vw !important;}\u00bb][vc_column_inner offset=\u00bbvc_col-lg-4 vc_col-md-6 vc_col-xs-12&#8243; css=\u00bb.vc_custom_1617635704330{margin-bottom: 2vw !important;}\u00bb][vc_single_image image=\u00bb5250&#8243; img_size=\u00bbfull\u00bb alignment=\u00bbcenter\u00bb][\/vc_column_inner][vc_column_inner offset=\u00bbvc_col-lg-4 vc_col-md-6 vc_col-xs-12&#8243; css=\u00bb.vc_custom_1617635711265{margin-bottom: 2vw !important;}\u00bb][vc_single_image image=\u00bb5251&#8243; img_size=\u00bbfull\u00bb alignment=\u00bbcenter\u00bb][\/vc_column_inner][vc_column_inner offset=\u00bbvc_col-lg-4 vc_col-md-6 vc_col-xs-12&#8243; css=\u00bb.vc_custom_1617635716461{margin-bottom: 2vw !important;}\u00bb][\/vc_column_inner][\/vc_row_inner][\/vc_column][\/vc_row][vc_row full_width=\u00bbstretch_row\u00bb content_placement=\u00bbmiddle\u00bb bg_type=\u00bbbg_color\u00bb css=\u00bb.vc_custom_1769180752815{padding-top: 10px !important;padding-bottom: 10px !important;background-color: #ffffff !important;}\u00bb bg_color_value=\u00bb#f6f8fb\u00bb][vc_column css_animation=\u00bbnone\u00bb width=\u00bb1\/3&#8243; offset=\u00bbvc_col-xs-12&#8243;][vc_custom_heading text=\u00bbConvenios FONASA\u00bb font_container=\u00bbtag:h3|font_size:23px|text_align:left|color:%2311b3e6|line_height:28px\u00bb google_fonts=\u00bbfont_family:Open%20Sans%3A300%2C300italic%2Cregular%2Citalic%2C600%2C600italic%2C700%2C700italic%2C800%2C800italic|font_style:700%20bold%20regular%3A700%3Anormal\u00bb el_class=\u00bbl-spacing-title\u00bb][vc_column_text]<\/p>\n<p style=\"text-align: justify;\">En CERIN, facilitamos el acceso a la atenci\u00f3n m\u00e9dica especializada y rehabilitaci\u00f3n. <strong>Puedes utilizar tu Bono FONASA<\/strong> para una amplia gama de nuestras consultas m\u00e9dicas y terap\u00e9uticas.<\/p>\n<p>[\/vc_column_text][vc_empty_space height=\u00bb20px\u00bb][\/vc_column][vc_column width=\u00bb2\/3&#8243; offset=\u00bbvc_col-xs-12&#8243;][vc_row_inner css=\u00bb.vc_custom_1541316594302{padding-top: 6vw !important;padding-bottom: 4vw !important;padding-left: 5vw !important;}\u00bb][vc_column_inner offset=\u00bbvc_col-lg-4 vc_col-md-6 vc_col-xs-12&#8243; css=\u00bb.vc_custom_1617635704330{margin-bottom: 2vw !important;}\u00bb][vc_single_image image=\u00bb5249&#8243; img_size=\u00bbfull\u00bb alignment=\u00bbcenter\u00bb][\/vc_column_inner][vc_column_inner offset=\u00bbvc_col-lg-4 vc_col-md-6 vc_col-xs-12&#8243; css=\u00bb.vc_custom_1617635711265{margin-bottom: 2vw !important;}\u00bb][\/vc_column_inner][vc_column_inner offset=\u00bbvc_col-lg-4 vc_col-md-6 vc_col-xs-12&#8243; css=\u00bb.vc_custom_1617635716461{margin-bottom: 2vw !important;}\u00bb][\/vc_column_inner][\/vc_row_inner][\/vc_column][\/vc_row][vc_row full_width=\u00bbstretch_row\u00bb content_placement=\u00bbmiddle\u00bb bg_type=\u00bbbg_color\u00bb css=\u00bb.vc_custom_1769180762510{padding-top: 10px !important;padding-bottom: 10px !important;background-color: #ffffff !important;}\u00bb bg_color_value=\u00bb#f5f5f5&#8243;][vc_column css_animation=\u00bbnone\u00bb width=\u00bb1\/3&#8243; offset=\u00bbvc_col-xs-12&#8243;][vc_custom_heading text=\u00bbConvenios con empresas e instituciones\u00bb font_container=\u00bbtag:h3|font_size:23px|text_align:left|color:%2311b3e6|line_height:28px\u00bb google_fonts=\u00bbfont_family:Open%20Sans%3A300%2C300italic%2Cregular%2Citalic%2C600%2C600italic%2C700%2C700italic%2C800%2C800italic|font_style:700%20bold%20regular%3A700%3Anormal\u00bb el_class=\u00bbl-spacing-title\u00bb][vc_column_text]<\/p>\n<p style=\"text-align: justify;\">Contamos con acuerdos directos para <strong>beneficios exclusivos para los trabajadores<\/strong> de instituciones y empresas de la zona.<\/p>\n<p>[\/vc_column_text][vc_empty_space height=\u00bb20px\u00bb][\/vc_column][vc_column width=\u00bb2\/3&#8243; offset=\u00bbvc_col-xs-12&#8243;][vc_row_inner css=\u00bb.vc_custom_1541316594302{padding-top: 6vw !important;padding-bottom: 4vw !important;padding-left: 5vw !important;}\u00bb][vc_column_inner offset=\u00bbvc_col-lg-4 vc_col-md-6 vc_col-xs-12&#8243; css=\u00bb.vc_custom_1617635704330{margin-bottom: 2vw !important;}\u00bb][vc_single_image image=\u00bb5248&#8243; img_size=\u00bbfull\u00bb alignment=\u00bbcenter\u00bb][\/vc_column_inner][vc_column_inner offset=\u00bbvc_col-lg-4 vc_col-md-6 vc_col-xs-12&#8243; css=\u00bb.vc_custom_1617635711265{margin-bottom: 2vw !important;}\u00bb][\/vc_column_inner][vc_column_inner offset=\u00bbvc_col-lg-4 vc_col-md-6 vc_col-xs-12&#8243; css=\u00bb.vc_custom_1617635716461{margin-bottom: 2vw !important;}\u00bb][\/vc_column_inner][\/vc_row_inner][\/vc_column][\/vc_row][vc_row bg_type=\u00bbbg_color\u00bb bg_color_value=\u00bb#f6f8fb\u00bb][vc_column el_class=\u00bbboton-none\u00bb][vc_column_text]<\/p>\n<p style=\"text-align: center;\"><span style=\"font-weight: 400;\">Es fundamental ofrecer ayuda para guiar al paciente a trav\u00e9s de la burocracia de los convenios.<\/span><\/p>\n<h2 style=\"text-align: center;\"><strong>\u00bfNo encuentras tu Convenio o Tienes Dudas?<\/strong><\/h2>\n<p style=\"text-align: center;\"><span style=\"font-weight: 400;\">Nuestro equipo de atenci\u00f3n al paciente est\u00e1 listo para ayudarte a verificar tu cobertura y beneficios.<\/span><\/p>\n<p>[\/vc_column_text]<div class=\" ubtn-ctn-center \"><button type=\"button\" id=\"ubtn-7844\"  class=\"ubtn ult-adjust-bottom-margin ult-responsive ubtn-normal ubtn-no-hover-bg  none  ubtn-center   tooltip-69d29eaf95105\"  data-hover=\"\" data-border-color=\"\" data-bg=\"#e0e0e0\" data-hover-bg=\"\" data-border-hover=\"\" data-shadow-hover=\"\" data-shadow-click=\"none\" data-shadow=\"\" data-shd-shadow=\"\"  data-ultimate-target='#ubtn-7844'  data-responsive-json-new='{\"font-size\":\"\",\"line-height\":\"\"}'  style=\"font-weight:normal;border:none;background: #e0e0e0;color: #000000;\"><span class=\"ubtn-hover\" style=\"background-color:\"><\/span><span class=\"ubtn-data ubtn-text \" >Solicitar asesor\u00eda de convenios<\/span><\/button><\/div>[\/vc_column][\/vc_row]<\/p>\n","protected":false},"excerpt":{"rendered":"<p>[vc_row][vc_column][\/vc_column][\/vc_row][vc_row full_width=\u00bbstretch_row_content_no_spaces\u00bb full_height=\u00bbyes\u00bb columns_placement=\u00bbtop\u00bb content_placement=\u00bbmiddle\u00bb bg_type=\u00bbbg_color\u00bb bg_color_value=\u00bb#ffffff\u00bb][vc_column offset=\u00bbvc_col-lg-6 vc_col-md-8 vc_col-xs-12&#8243;][vc_row_inner el_class=\u00bbbox-txt-conemp\u00bb][vc_column_inner width=\u00bb1\/6&#8243;][\/vc_column_inner][vc_column_inner width=\u00bb2\/3&#8243;][vc_empty_space][vc_custom_heading text=\u00bbCONVENIOS\u00bb font_container=\u00bbtag:h4|font_size:23px|text_align:left|color:%2311b3e6|line_height:20px\u00bb use_theme_fonts=\u00bbyes\u00bb el_class=\u00bbl-spacing-title\u00bb][vc_custom_heading text=\u00bbAccede a la\u2026<\/p>\n","protected":false},"author":1,"featured_media":0,"parent":0,"menu_order":0,"comment_status":"closed","ping_status":"closed","template":"","meta":{"footnotes":""},"class_list":["post-4283","page","type-page","status-publish","hentry"],"_links":{"self":[{"href":"https:\/\/www.cerin.cl\/index.php\/wp-json\/wp\/v2\/pages\/4283","targetHints":{"allow":["GET"]}}],"collection":[{"href":"https:\/\/www.cerin.cl\/index.php\/wp-json\/wp\/v2\/pages"}],"about":[{"href":"https:\/\/www.cerin.cl\/index.php\/wp-json\/wp\/v2\/types\/page"}],"author":[{"embeddable":true,"href":"https:\/\/www.cerin.cl\/index.php\/wp-json\/wp\/v2\/users\/1"}],"replies":[{"embeddable":true,"href":"https:\/\/www.cerin.cl\/index.php\/wp-json\/wp\/v2\/comments?post=4283"}],"version-history":[{"count":59,"href":"https:\/\/www.cerin.cl\/index.php\/wp-json\/wp\/v2\/pages\/4283\/revisions"}],"predecessor-version":[{"id":5495,"href":"https:\/\/www.cerin.cl\/index.php\/wp-json\/wp\/v2\/pages\/4283\/revisions\/5495"}],"wp:attachment":[{"href":"https:\/\/www.cerin.cl\/index.php\/wp-json\/wp\/v2\/media?parent=4283"}],"curies":[{"name":"wp","href":"https:\/\/api.w.org\/{rel}","templated":true}]}}