{"id":4782,"date":"2025-09-17T13:47:52","date_gmt":"2025-09-17T13:47:52","guid":{"rendered":"https:\/\/www.cerin.cl\/?page_id=4782"},"modified":"2025-09-17T14:27:05","modified_gmt":"2025-09-17T14:27:05","slug":"cerin-sleep","status":"publish","type":"page","link":"https:\/\/www.cerin.cl\/index.php\/cerin-sleep\/","title":{"rendered":"Cerin Sleep"},"content":{"rendered":"<p>[vc_row][vc_column width=\u00bb1\/2&#8243;][vc_custom_heading text=\u00bbServicio\u00bb font_container=\u00bbtag:h3|font_size:24px|text_align:left|color:%2311b3e6|line_height:24px\u00bb google_fonts=\u00bbfont_family:Open%20Sans%3A300%2C300italic%2Cregular%2Citalic%2C600%2C600italic%2C700%2C700italic%2C800%2C800italic|font_style:400%20regular%3A400%3Anormal\u00bb el_class=\u00bbl-spacing-title\u00bb][vc_custom_heading text=\u00bbCERIN Sleep\u00bb font_container=\u00bbtag:h1|text_align:left|color:%23414141|line_height:55px\u00bb google_fonts=\u00bbfont_family:Open%20Sans%3A300%2C300italic%2Cregular%2Citalic%2C600%2C600italic%2C700%2C700italic%2C800%2C800italic|font_style:400%20regular%3A400%3Anormal\u00bb css=\u00bb.vc_custom_1758117215890{margin-bottom: 0px !important;}\u00bb el_class=\u00bbcerin-h1&#8243;][vc_empty_space][vc_wp_text el_class=\u00bbtxt-principal\u00bb]<\/p>\n<p style=\"text-align: justify;\">En la Unidad del Sue\u00f1o de CERIN, nuestro equipo de neurologos especialistas ofrece un abordaje integral. Utilizamos las t\u00e9cnicas diagn\u00f3sticas m\u00e1s precisas y dise\u00f1amos planes de tratamiento personalizados para recuperar un descanso reparador.<\/p>\n<p style=\"text-align: justify;\">No conviva con el cansancio. Cont\u00e1ctanos para una consulta y comience a dormir bien.<\/p>\n<p>[\/vc_wp_text][vc_btn title=\u00bbAgendar por Whatsapp\u00bb color=\u00bbturquoise\u00bb size=\u00bblg\u00bb align=\u00bbleft\u00bb i_icon_fontawesome=\u00bbfab fa-whatsapp\u00bb add_icon=\u00bbtrue\u00bb link=\u00bburl:%23&#8243; el_class=\u00bbagenda-wsp\u00bb][vc_btn title=\u00bbAgendar v\u00eda tel\u00e9fono\u00bb color=\u00bbsky\u00bb size=\u00bblg\u00bb align=\u00bbleft\u00bb i_icon_fontawesome=\u00bbfas fa-phone-alt\u00bb add_icon=\u00bbtrue\u00bb link=\u00bburl:%23&#8243; el_class=\u00bbagendar-fono\u00bb][\/vc_column][vc_column width=\u00bb1\/2&#8243;][vc_video link=\u00bbhttps:\/\/vimeo.com\/1119444605?share=copy\u00bb el_width=\u00bb50&#8243; el_aspect=\u00bb916&#8243; align=\u00bbcenter\u00bb][\/vc_column][\/vc_row]<\/p>\n","protected":false},"excerpt":{"rendered":"<p>[vc_row][vc_column width=\u00bb1\/2&#8243;][vc_custom_heading text=\u00bbServicio\u00bb font_container=\u00bbtag:h3|font_size:24px|text_align:left|color:%2311b3e6|line_height:24px\u00bb google_fonts=\u00bbfont_family:Open%20Sans%3A300%2C300italic%2Cregular%2Citalic%2C600%2C600italic%2C700%2C700italic%2C800%2C800italic|font_style:400%20regular%3A400%3Anormal\u00bb el_class=\u00bbl-spacing-title\u00bb][vc_custom_heading text=\u00bbCERIN Sleep\u00bb font_container=\u00bbtag:h1|text_align:left|color:%23414141|line_height:55px\u00bb google_fonts=\u00bbfont_family:Open%20Sans%3A300%2C300italic%2Cregular%2Citalic%2C600%2C600italic%2C700%2C700italic%2C800%2C800italic|font_style:400%20regular%3A400%3Anormal\u00bb css=\u00bb.vc_custom_1758117215890{margin-bottom: 0px !important;}\u00bb el_class=\u00bbcerin-h1&#8243;][vc_empty_space][vc_wp_text el_class=\u00bbtxt-principal\u00bb] En la Unidad del Sue\u00f1o\u2026<\/p>\n","protected":false},"author":1,"featured_media":0,"parent":0,"menu_order":0,"comment_status":"closed","ping_status":"closed","template":"","meta":{"footnotes":""},"class_list":["post-4782","page","type-page","status-publish","hentry"],"_links":{"self":[{"href":"https:\/\/www.cerin.cl\/index.php\/wp-json\/wp\/v2\/pages\/4782","targetHints":{"allow":["GET"]}}],"collection":[{"href":"https:\/\/www.cerin.cl\/index.php\/wp-json\/wp\/v2\/pages"}],"about":[{"href":"https:\/\/www.cerin.cl\/index.php\/wp-json\/wp\/v2\/types\/page"}],"author":[{"embeddable":true,"href":"https:\/\/www.cerin.cl\/index.php\/wp-json\/wp\/v2\/users\/1"}],"replies":[{"embeddable":true,"href":"https:\/\/www.cerin.cl\/index.php\/wp-json\/wp\/v2\/comments?post=4782"}],"version-history":[{"count":18,"href":"https:\/\/www.cerin.cl\/index.php\/wp-json\/wp\/v2\/pages\/4782\/revisions"}],"predecessor-version":[{"id":4803,"href":"https:\/\/www.cerin.cl\/index.php\/wp-json\/wp\/v2\/pages\/4782\/revisions\/4803"}],"wp:attachment":[{"href":"https:\/\/www.cerin.cl\/index.php\/wp-json\/wp\/v2\/media?parent=4782"}],"curies":[{"name":"wp","href":"https:\/\/api.w.org\/{rel}","templated":true}]}}