{"id":5150,"date":"2026-01-19T16:26:10","date_gmt":"2026-01-19T16:26:10","guid":{"rendered":"https:\/\/www.cerin.cl\/?page_id=5150"},"modified":"2026-02-13T18:25:13","modified_gmt":"2026-02-13T18:25:13","slug":"estudios-neurologicos","status":"publish","type":"page","link":"https:\/\/www.cerin.cl\/index.php\/estudios-neurologicos\/","title":{"rendered":"Estudios neurol\u00f3gicos"},"content":{"rendered":"<p>[vc_row full_width=\u00bbstretch_row\u00bb bg_type=\u00bbbg_color\u00bb el_class=\u00bbcerin-block cerin-sueno-b1-intro\u00bb bg_color_value=\u00bb#f5f5f5&#8243;][vc_column width=\u00bb2\/3&#8243;][vc_custom_heading text=\u00bbESTUDIOS NEUROL\u00d3GICOS\u00bb font_container=\u00bbtag:h4|font_size:26px|text_align:left|color:%2311b3e6|line_height:26px\u00bb google_fonts=\u00bbfont_family:Open%20Sans%3A300%2C300italic%2Cregular%2Citalic%2C600%2C600italic%2C700%2C700italic%2C800%2C800italic|font_style:700%20bold%20regular%3A700%3Anormal\u00bb el_class=\u00bbl-spacing-title\u00bb][vc_column_text]Si experimentas adormecimiento, debilidad muscular, hormigueo persistente o dolor que se irradia, la Electromiograf\u00eda (EMG) es esencial. Este estudio, realizado por nuestra Neur\u00f3loga especialista, nos permite evaluar la salud de tus nervios y m\u00fasculos, entregando un diagn\u00f3stico exacto de diversas patolog\u00edas neuromusculares en CERIN.[\/vc_column_text]<div class=\" ubtn-ctn-left \"><a class=\"ubtn-link ult-adjust-bottom-margin ubtn-left ubtn-custom \" href=\"https:\/\/cerin.site.agendapro.com\/cl\/sucursal\/74130\" target=\"_blank\" rel=\"noopener\" ><button type=\"button\" id=\"ubtn-5836\"  class=\"ubtn ult-adjust-bottom-margin ult-responsive ubtn-custom ubtn-fade-bg  none  ubtn-sep-icon ubtn-sep-icon-at-left  ubtn-left   tooltip-69d29bac191ca\"  data-hover=\"#ffffff\" data-border-color=\"\" data-bg=\"#00b4e5\" data-hover-bg=\"#167f99\" data-border-hover=\"\" data-shadow-hover=\"\" data-shadow-click=\"none\" data-shadow=\"\" data-shd-shadow=\"\"  data-ultimate-target='#ubtn-5836'  data-responsive-json-new='{\"font-size\":\"desktop:16px;\",\"line-height\":\"desktop:16px;\"}'  style=\"font-weight:bold;width:250px;min-height:44px;padding:10px 15px;border-radius:20px;border-width:0px;border-color:;border-style:solid;background: #00b4e5;color: #ffffff;\"><span class=\"ubtn-data ubtn-icon\"><i class=\"icomoon-brankic-32x32-calendar\" style=\"font-size:20px;color:;\"><\/i><\/span><span class=\"ubtn-hover\" style=\"background-color:#167f99\"><\/span><span class=\"ubtn-data ubtn-text \" >Agenda tu hora<\/span><\/button><\/a><\/div><div class=\" ubtn-ctn-left \"><a class=\"ubtn-link ult-adjust-bottom-margin ubtn-left ubtn-custom \" href=\"https:\/\/api.whatsapp.com\/send?phone=56956923883&text=\" target=\"_blank\" rel=\"noopener\" ><button type=\"button\" id=\"ubtn-1244\"  class=\"ubtn ult-adjust-bottom-margin ult-responsive ubtn-custom ubtn-fade-bg  none  ubtn-sep-icon ubtn-sep-icon-at-left  ubtn-left   tooltip-69d29bac1927f\"  data-hover=\"#ffffff\" data-border-color=\"\" data-bg=\"#25d366\" data-hover-bg=\"#167f99\" data-border-hover=\"\" data-shadow-hover=\"\" data-shadow-click=\"none\" data-shadow=\"\" data-shd-shadow=\"\"  data-ultimate-target='#ubtn-1244'  data-responsive-json-new='{\"font-size\":\"desktop:16px;\",\"line-height\":\"desktop:16px;\"}'  style=\"font-weight:bold;width:250px;min-height:44px;padding:10px 15px;border-radius:20px;border-width:0px;border-color:;border-style:solid;background: #25d366;color: #ffffff;\"><span class=\"ubtn-data ubtn-icon\"><i class=\"icomoon-free-social-contact-16x16-whatsapp\" style=\"font-size:20px;color:;\"><\/i><\/span><span class=\"ubtn-hover\" style=\"background-color:#167f99\"><\/span><span class=\"ubtn-data ubtn-text \" >Agenda por Whatsapp<\/span><\/button><\/a><\/div>[\/vc_column][vc_column width=\u00bb1\/3&#8243;][vc_single_image image=\u00bb5048&#8243; img_size=\u00bbfull\u00bb alignment=\u00bbcenter\u00bb][\/vc_column][\/vc_row][vc_row full_width=\u00bbstretch_row\u00bb bg_type=\u00bbbg_color\u00bb el_class=\u00bbcerin-block cerin-emg-b2-intro\u00bb bg_color_value=\u00bb#f6f8fb\u00bb][vc_column][vc_custom_heading text=\u00bbA. Electromiograf\u00eda y Estudios de Conducci\u00f3n Nerviosa\u00bb font_container=\u00bbtag:h3|font_size:28px|text_align:center|color:%2311b3e6|line_height:28px\u00bb google_fonts=\u00bbfont_family:Open%20Sans%3A300%2C300italic%2Cregular%2Citalic%2C600%2C600italic%2C700%2C700italic%2C800%2C800italic|font_style:700%20bold%20regular%3A700%3Anormal\u00bb el_class=\u00bbl-spacing-title\u00bb css=\u00bb.vc_custom_1768588107445{margin-bottom: 0px !important;}\u00bb][\/vc_column][\/vc_row][vc_row full_width=\u00bbstretch_row\u00bb bg_type=\u00bbbg_color\u00bb el_class=\u00bbcerin-emg-b2-grid\u00bb bg_color_value=\u00bb#f6f8fb\u00bb][vc_column width=\u00bb1\/2&#8243;]<div class=\"aio-icon-component    style_1\"><div id=\"Info-box-wrap-6866\" class=\"aio-icon-box square_box-icon\" style=\"border-color:#dedede;border-style:solid;border-width:1px;background-color:#ffffff;\" data-min-height='245px' ><div class=\"aio-icon-square_box\"><div class=\"ult-just-icon-wrapper  \"><div class=\"align-icon\" style=\"text-align:center;\">\n<div class=\"aio-icon circle \"  style=\"color:#ffffff;background:#00b4e5;font-size:25px;display:inline-block;\">\n\t<i class=\"icomoon-brankic-32x32-checkmark3\"><\/i>\n<\/div><\/div><\/div><\/div><div class=\"aio-icon-header\" ><h3 class=\"aio-icon-title ult-responsive\"  data-ultimate-target='#Info-box-wrap-6866 .aio-icon-title'  data-responsive-json-new='{\"font-size\":\"desktop:18px;\",\"line-height\":\"\"}'  style=\"font-weight:bold;color:#333333;\">EMG y Conducci\u00f3n Nerviosa de Extremidades<\/h3><\/div> <!-- header --><div class=\"aio-icon-description ult-responsive\"  data-ultimate-target='#Info-box-wrap-6866 .aio-icon-description'  data-responsive-json-new='{\"font-size\":\"\",\"line-height\":\"\"}'  style=\"\"><\/p>\n<p style=\"text-align: justify;\">Estudio completo que eval\u00faa los nervios y la actividad muscular en tus brazos y piernas <strong>(4 Extremidades)<\/strong>. Es clave para diagnosticar polineuropat\u00edas, debilidad generalizada y enfermedades musculares.<\/p>\n<p><\/div> <!-- description --><\/div> <!-- aio-icon-box --><\/div> <!-- aio-icon-component -->[\/vc_column][vc_column width=\u00bb1\/2&#8243;]<div class=\"aio-icon-component    style_1\"><div id=\"Info-box-wrap-5552\" class=\"aio-icon-box square_box-icon\" style=\"border-color:#dedede;border-style:solid;border-width:1px;background-color:#ffffff;\" data-min-height='245px' ><div class=\"aio-icon-square_box\"><div class=\"ult-just-icon-wrapper  \"><div class=\"align-icon\" style=\"text-align:center;\">\n<div class=\"aio-icon circle \"  style=\"color:#ffffff;background:#00b4e5;font-size:25px;display:inline-block;\">\n\t<i class=\"icomoon-brankic-32x32-checkmark3\"><\/i>\n<\/div><\/div><\/div><\/div><div class=\"aio-icon-header\" ><h3 class=\"aio-icon-title ult-responsive\"  data-ultimate-target='#Info-box-wrap-5552 .aio-icon-title'  data-responsive-json-new='{\"font-size\":\"desktop:18px;\",\"line-height\":\"\"}'  style=\"font-weight:bold;color:#333333;\">Evaluaci\u00f3n de Miembros Superiores<\/h3><\/div> <!-- header --><div class=\"aio-icon-description ult-responsive\"  data-ultimate-target='#Info-box-wrap-5552 .aio-icon-description'  data-responsive-json-new='{\"font-size\":\"\",\"line-height\":\"\"}'  style=\"\"><\/p>\n<p style=\"text-align: justify;\">Estudio enfocado en la funcionalidad de los nervios que van desde el cuello hasta las manos. Es crucial para diagnosticar problemas como hernias cervicales, plexopat\u00edas o dolores en el hombro y codo.<\/p>\n<p><\/div> <!-- description --><\/div> <!-- aio-icon-box --><\/div> <!-- aio-icon-component -->[\/vc_column][\/vc_row][vc_row full_width=\u00bbstretch_row\u00bb bg_type=\u00bbbg_color\u00bb el_class=\u00bbcerin-emg-b2-grid\u00bb bg_color_value=\u00bb#f5f5f5&#8243;][vc_column width=\u00bb1\/2&#8243;]<div class=\"aio-icon-component    style_1\"><div id=\"Info-box-wrap-1981\" class=\"aio-icon-box square_box-icon\" style=\"border-color:#dedede;border-style:solid;border-width:1px;background-color:#ffffff;\" data-min-height='245px' ><div class=\"aio-icon-square_box\"><div class=\"ult-just-icon-wrapper  \"><div class=\"align-icon\" style=\"text-align:center;\">\n<div class=\"aio-icon circle \"  style=\"color:#ffffff;background:#00b4e5;font-size:25px;display:inline-block;\">\n\t<i class=\"icomoon-brankic-32x32-checkmark3\"><\/i>\n<\/div><\/div><\/div><\/div><div class=\"aio-icon-header\" ><h3 class=\"aio-icon-title ult-responsive\"  data-ultimate-target='#Info-box-wrap-1981 .aio-icon-title'  data-responsive-json-new='{\"font-size\":\"desktop:18px;\",\"line-height\":\"\"}'  style=\"font-weight:bold;color:#333333;\">Evaluaci\u00f3n de Miembros Inferiores<\/h3><\/div> <!-- header --><div class=\"aio-icon-description ult-responsive\"  data-ultimate-target='#Info-box-wrap-1981 .aio-icon-description'  data-responsive-json-new='{\"font-size\":\"\",\"line-height\":\"\"}'  style=\"\"><\/p>\n<p style=\"text-align: justify;\">Estudio que analiza la funci\u00f3n nerviosa y muscular en la cadera, piernas y pies. Fundamental en la detecci\u00f3n de ci\u00e1tica, radiculopat\u00edas lumbares o neuropat\u00edas diab\u00e9ticas que causan dolor y hormigueo.<\/p>\n<p><\/div> <!-- description --><\/div> <!-- aio-icon-box --><\/div> <!-- aio-icon-component -->[\/vc_column][vc_column width=\u00bb1\/2&#8243;]<div class=\"aio-icon-component    style_1\"><div id=\"Info-box-wrap-2666\" class=\"aio-icon-box square_box-icon\" style=\"border-color:#dedede;border-style:solid;border-width:1px;background-color:#ffffff;\" data-min-height='245px' ><div class=\"aio-icon-square_box\"><div class=\"ult-just-icon-wrapper  \"><div class=\"align-icon\" style=\"text-align:center;\">\n<div class=\"aio-icon circle \"  style=\"color:#ffffff;background:#00b4e5;font-size:25px;display:inline-block;\">\n\t<i class=\"icomoon-brankic-32x32-checkmark3\"><\/i>\n<\/div><\/div><\/div><\/div><div class=\"aio-icon-header\" ><h3 class=\"aio-icon-title ult-responsive\"  data-ultimate-target='#Info-box-wrap-2666 .aio-icon-title'  data-responsive-json-new='{\"font-size\":\"desktop:18px;\",\"line-height\":\"\"}'  style=\"font-weight:bold;color:#333333;\">EMG Espec\u00edfico: S\u00edndrome del T\u00fanel Carpiano<\/h3><\/div> <!-- header --><div class=\"aio-icon-description ult-responsive\"  data-ultimate-target='#Info-box-wrap-2666 .aio-icon-description'  data-responsive-json-new='{\"font-size\":\"\",\"line-height\":\"\"}'  style=\"\"><\/p>\n<p style=\"text-align: justify;\">Estudio focalizado para diagnosticar la compresi\u00f3n del nervio mediano en la mu\u00f1eca. <strong>Te da claridad<\/strong> sobre la causa del entumecimiento y hormigueo en manos y dedos.<\/p>\n<p><\/div> <!-- description --><\/div> <!-- aio-icon-box --><\/div> <!-- aio-icon-component -->[\/vc_column][\/vc_row][vc_row bg_type=\u00bbbg_color\u00bb bg_color_value=\u00bb#f6f8fb\u00bb][vc_column][vc_column_text]<\/p>\n<h4 style=\"text-align: center;\"><strong>Agenda tu consulta para realizar estudios de conducci\u00f3n nerviosa<\/strong><\/h4>\n<p>[\/vc_column_text]<div class=\" ubtn-ctn-center \"><a class=\"ubtn-link ult-adjust-bottom-margin ubtn-center ubtn-custom \" href=\"https:\/\/cerin.site.agendapro.com\/cl\/sucursal\/74130\" target=\"_blank\" rel=\"noopener\" ><button type=\"button\" id=\"ubtn-9056\"  class=\"ubtn ult-adjust-bottom-margin ult-responsive ubtn-custom ubtn-fade-bg  none  ubtn-sep-icon ubtn-sep-icon-at-left  ubtn-center   tooltip-69d29bac19634\"  data-hover=\"#ffffff\" data-border-color=\"\" data-bg=\"#00b4e5\" data-hover-bg=\"#167f99\" data-border-hover=\"\" data-shadow-hover=\"\" data-shadow-click=\"none\" data-shadow=\"\" data-shd-shadow=\"\"  data-ultimate-target='#ubtn-9056'  data-responsive-json-new='{\"font-size\":\"desktop:16px;\",\"line-height\":\"desktop:16px;\"}'  style=\"font-weight:bold;width:250px;min-height:44px;padding:10px 15px;border-radius:20px;border-width:0px;border-color:;border-style:solid;background: #00b4e5;color: #ffffff;\"><span class=\"ubtn-data ubtn-icon\"><i class=\"icomoon-brankic-32x32-calendar\" style=\"font-size:20px;color:;\"><\/i><\/span><span class=\"ubtn-hover\" style=\"background-color:#167f99\"><\/span><span class=\"ubtn-data ubtn-text \" >Agenda tu hora<\/span><\/button><\/a><\/div>[\/vc_column][\/vc_row]<\/p>\n","protected":false},"excerpt":{"rendered":"<p>[vc_row full_width=\u00bbstretch_row\u00bb bg_type=\u00bbbg_color\u00bb el_class=\u00bbcerin-block cerin-sueno-b1-intro\u00bb bg_color_value=\u00bb#f5f5f5&#8243;][vc_column width=\u00bb2\/3&#8243;][vc_custom_heading text=\u00bbESTUDIOS NEUROL\u00d3GICOS\u00bb font_container=\u00bbtag:h4|font_size:26px|text_align:left|color:%2311b3e6|line_height:26px\u00bb google_fonts=\u00bbfont_family:Open%20Sans%3A300%2C300italic%2Cregular%2Citalic%2C600%2C600italic%2C700%2C700italic%2C800%2C800italic|font_style:700%20bold%20regular%3A700%3Anormal\u00bb el_class=\u00bbl-spacing-title\u00bb][vc_column_text]Si experimentas adormecimiento, debilidad muscular, hormigueo persistente o dolor\u2026<\/p>\n","protected":false},"author":1,"featured_media":0,"parent":0,"menu_order":0,"comment_status":"closed","ping_status":"closed","template":"","meta":{"footnotes":""},"class_list":["post-5150","page","type-page","status-publish","hentry"],"_links":{"self":[{"href":"https:\/\/www.cerin.cl\/index.php\/wp-json\/wp\/v2\/pages\/5150","targetHints":{"allow":["GET"]}}],"collection":[{"href":"https:\/\/www.cerin.cl\/index.php\/wp-json\/wp\/v2\/pages"}],"about":[{"href":"https:\/\/www.cerin.cl\/index.php\/wp-json\/wp\/v2\/types\/page"}],"author":[{"embeddable":true,"href":"https:\/\/www.cerin.cl\/index.php\/wp-json\/wp\/v2\/users\/1"}],"replies":[{"embeddable":true,"href":"https:\/\/www.cerin.cl\/index.php\/wp-json\/wp\/v2\/comments?post=5150"}],"version-history":[{"count":9,"href":"https:\/\/www.cerin.cl\/index.php\/wp-json\/wp\/v2\/pages\/5150\/revisions"}],"predecessor-version":[{"id":5506,"href":"https:\/\/www.cerin.cl\/index.php\/wp-json\/wp\/v2\/pages\/5150\/revisions\/5506"}],"wp:attachment":[{"href":"https:\/\/www.cerin.cl\/index.php\/wp-json\/wp\/v2\/media?parent=5150"}],"curies":[{"name":"wp","href":"https:\/\/api.w.org\/{rel}","templated":true}]}}